{"id":44835,"date":"2016-02-18T18:35:34","date_gmt":"2016-02-18T17:35:34","guid":{"rendered":"https:\/\/undsgn.com\/uncode\/?page_id=44835"},"modified":"2025-12-11T14:24:22","modified_gmt":"2025-12-11T14:24:22","slug":"portfolio-freelance","status":"publish","type":"page","link":"https:\/\/narra-innenarchitektur.de\/","title":{"rendered":"home (narra Innenarchitektur)"},"content":{"rendered":"<div class=\"wpb-content-wrapper\"><p>[vc_row unlock_row_content=&#8221;yes&#8221; row_height_percent=&#8221;100&#8243; override_padding=&#8221;yes&#8221; h_padding=&#8221;3&#8243; top_padding=&#8221;5&#8243; bottom_padding=&#8221;3&#8243; back_color=&#8221;color-wayh&#8221; overlay_alpha=&#8221;100&#8243; overlay_animated=&#8221;yes&#8221; overlay_animated_1_color=&#8221;accent&#8221; overlay_animated_size=&#8221;0.7&#8243; equal_height=&#8221;yes&#8221; gutter_size=&#8221;0&#8243; column_width_percent=&#8221;100&#8243; shift_y=&#8221;0&#8243; z_index=&#8221;0&#8243; uncode_shortcode_id=&#8221;207407&#8243; css=&#8221;.vc_custom_1715612025478{border-right-width: 36px !important;border-left-width: 36px !important;}&#8221; back_color_type=&#8221;uncode-palette&#8221; overlay_animated_1_color_type=&#8221;uncode-palette&#8221; row_name=&#8221;top&#8221;][vc_column column_width_percent=&#8221;100&#8243; position_vertical=&#8221;justify&#8221; gutter_size=&#8221;5&#8243; style=&#8221;dark&#8221; overlay_alpha=&#8221;50&#8243; shift_x=&#8221;0&#8243; shift_y=&#8221;0&#8243; shift_y_down=&#8221;0&#8243; z_index=&#8221;0&#8243; medium_width=&#8221;0&#8243; mobile_width=&#8221;0&#8243; css_animation=&#8221;alpha-anim&#8221; animation_speed=&#8221;1600&#8243; width=&#8221;1\/1&#8243; uncode_shortcode_id=&#8221;213155&#8243;][vc_row_inner row_inner_height_percent=&#8221;0&#8243; overlay_alpha=&#8221;50&#8243; gutter_size=&#8221;2&#8243; shift_y=&#8221;0&#8243; z_index=&#8221;0&#8243; limit_content=&#8221;&#8221; uncode_shortcode_id=&#8221;617599&#8243;][vc_column_inner column_width_percent=&#8221;100&#8243; position_vertical=&#8221;bottom&#8221; gutter_size=&#8221;3&#8243; style=&#8221;dark&#8221; overlay_alpha=&#8221;50&#8243; shift_x=&#8221;0&#8243; shift_y=&#8221;0&#8243; shift_y_down=&#8221;0&#8243; z_index=&#8221;0&#8243; medium_visibility=&#8221;yes&#8221; medium_width=&#8221;0&#8243; mobile_visibility=&#8221;yes&#8221; mobile_width=&#8221;0&#8243; width=&#8221;2\/12&#8243; uncode_shortcode_id=&#8221;209603&#8243; el_class=&#8221;skin-links&#8221;][\/vc_column_inner][vc_column_inner column_width_percent=&#8221;100&#8243; position_vertical=&#8221;bottom&#8221; gutter_size=&#8221;3&#8243; style=&#8221;dark&#8221; overlay_alpha=&#8221;50&#8243; shift_x=&#8221;0&#8243; shift_y=&#8221;0&#8243; shift_y_down=&#8221;0&#8243; z_index=&#8221;0&#8243; medium_width=&#8221;0&#8243; mobile_width=&#8221;0&#8243; width=&#8221;10\/12&#8243; uncode_shortcode_id=&#8221;833623&#8243;][vc_empty_space empty_h=&#8221;3&#8243;][vc_custom_heading heading_semantic=&#8221;h6&#8243; text_size=&#8221;fontsize-445851&#8243; text_weight=&#8221;700&#8243; uncode_shortcode_id=&#8221;165062&#8243;]R\u00e4ume erz\u00e4hlen.<br \/>\nWir gestalten ihre Geschichten.[\/vc_custom_heading][\/vc_column_inner][\/vc_row_inner][vc_empty_space empty_h=&#8221;3&#8243;][\/vc_column][\/vc_row][vc_row row_height_percent=&#8221;0&#8243; back_color=&#8221;color-xsdn&#8221; overlay_alpha=&#8221;50&#8243; gutter_size=&#8221;4&#8243; column_width_percent=&#8221;100&#8243; shift_y=&#8221;0&#8243; z_index=&#8221;0&#8243; top_divider=&#8221;gradient&#8221; bottom_divider=&#8221;gradient&#8221; inverted_device_order=&#8221;yes&#8221; changer_back_color=&#8221;yes&#8221; content_parallax=&#8221;0&#8243; uncode_shortcode_id=&#8221;112340&#8243; back_color_type=&#8221;uncode-palette&#8221; row_name=&#8221;\u00dcber&#8221;][vc_column column_width_percent=&#8221;100&#8243; position_vertical=&#8221;middle&#8221; gutter_size=&#8221;3&#8243; font_family=&#8221;font-955596&#8243; overlay_alpha=&#8221;50&#8243; shift_x=&#8221;0&#8243; shift_y=&#8221;0&#8243; shift_y_down=&#8221;0&#8243; z_index=&#8221;0&#8243; medium_width=&#8221;0&#8243; mobile_width=&#8221;0&#8243; css_animation=&#8221;alpha-anim&#8221; animation_speed=&#8221;1000&#8243; width=&#8221;1\/1&#8243; uncode_shortcode_id=&#8221;484410&#8243;][vc_custom_heading text_size=&#8221;h3&#8243; text_weight=&#8221;500&#8243; text_height=&#8221;fontheight-357766&#8243; uncode_shortcode_id=&#8221;127569&#8243;]Hallo, wir sind narra. Wir gestalten narrative Architektur im Raum \u2013 als Studio f\u00fcr Innenarchitektur und r\u00e4umliche Kommunikation. Von der ersten Idee bis zur Umsetzung entwickeln wir ganzheitliche Konzepte, die Geschichten erlebbar machen. Unsere R\u00e4ume sprechen \u2013 sie \u00fcbersetzen Inhalte in Gestaltung und schaffen Atmosph\u00e4re, ganz ohne Worte.[\/vc_custom_heading][vc_column_text text_lead=&#8221;yes&#8221; uncode_shortcode_id=&#8221;147749&#8243;]Wir gestalten Innenarchitektur-Konzepte, die nicht nur funktionieren \u2013 sondern f\u00fchlen lassen, erz\u00e4hlen und verbinden. Marken, Menschen und Orte finden bei uns eine B\u00fchne. Ob B\u00fcro, Praxis oder \u00f6ffentlicher Raum: Wir schaffen architektonische Konzepte mit Haltung, Emotion \u2013 und Story. Mit Wurzeln in der Innenarchitektur und einem Gesp\u00fcr f\u00fcr Markenentwicklung gestalten wir R\u00e4ume, die mehr k\u00f6nnen als sch\u00f6n sein: Sie vermitteln Werte. Sie stiften Identit\u00e4t. Sie erz\u00e4hlen. Wir glauben, dass gute Gestaltung immer ein Narrativ hat \u2013 sichtbar, f\u00fchlbar, erinnerbar. Narra denkt R\u00e4ume konzeptionell, emotional und kontextbezogen.[\/vc_column_text][vc_empty_space][\/vc_column][\/vc_row][vc_row row_height_percent=&#8221;0&#8243; overlay_alpha=&#8221;50&#8243; gutter_size=&#8221;3&#8243; column_width_percent=&#8221;100&#8243; shift_y=&#8221;0&#8243; z_index=&#8221;0&#8243; content_parallax=&#8221;0&#8243; uncode_shortcode_id=&#8221;527231&#8243; row_name=&#8221;\u00dcber&#8221;][vc_column width=&#8221;1\/1&#8243;][vc_gallery el_id=&#8221;gallery-1294471&#8243; type=&#8221;carousel&#8221; medias=&#8221;146450,146447,146446,146445,146444,147049,146952&#8243; carousel_lg=&#8221;5&#8243; carousel_md=&#8221;5&#8243; carousel_sm=&#8221;1&#8243; gutter_size=&#8221;4&#8243; media_items=&#8221;media|custom_link|original,spacer_two|half&#8221; carousel_v_align=&#8221;middle&#8221; carousel_interval=&#8221;3000&#8243; carousel_navspeed=&#8221;400&#8243; carousel_loop=&#8221;yes&#8221; carousel_dots=&#8221;yes&#8221; carousel_dots_mobile=&#8221;yes&#8221; stage_padding=&#8221;0&#8243; single_text=&#8221;under&#8221; single_overlay_opacity=&#8221;1&#8243; single_overlay_anim=&#8221;no&#8221; single_h_align=&#8221;center&#8221; single_padding=&#8221;2&#8243; single_title_dimension=&#8221;h4&#8243; single_title_weight=&#8221;300&#8243; single_icon=&#8221;fa fa-arrow-right3&#8243; single_border=&#8221;yes&#8221; uncode_shortcode_id=&#8221;150243&#8243; items=&#8221;eyIxMDIyNjlfaSI6eyJzaW5nbGVfbGluayI6InVybDpodHRwcyUzQSUyRiUyRnd3dy5kZXNjb20uZGUlMkZhcmNoaXYlMkZwcm9qZWt0ZSUyRmtvbW11bmlrYXRpb25zZGVzaWduJTJGMjAxNiUyRnByZWlzdHJhZ2VyJTJGdHVubmVsZmxpZWdlciUyRiJ9LCIxMDIyNzFfaSI6eyJzaW5nbGVfbGluayI6InVybDpodHRwcyUzQSUyRiUyRnd3dy5yYXVtcHJvYmUuY29tJTJGZGUlMkZwcm9qZWt0ZSUyRnR1bm5lbGZsaWVnZXItMzE1In0sIjEwMjI2OF9pIjp7InNpbmdsZV9saW5rIjoidXJsOmh0dHBzJTNBJTJGJTJGd3d3LmRlc2NvbS5kZSUyRmFyY2hpdiUyRnByb2pla3RlJTJGa29tbXVuaWthdGlvbnNkZXNpZ24lMkYyMDE4JTJGcHJlaXN0cmFnZXIlMkZrbmljayUyRiJ9LCIxMDIyNzBfaSI6eyJzaW5nbGVfbGluayI6InVybDpodHRwJTNBJTJGJTJGbWVkaWEuYWRjLmRlJTJGYWRjTWNzJTJGc2VydmxldCUyRkFjdGlvblNlcnZsZXQlM0ZldmVudCUzRHNob3dDcmVkaXRzJTI2ZW50cnklM0Q2NTU4NV8yMDE3MTIwMzEzMzE0MSJ9LCIxMDIyNzJfaSI6eyJzaW5nbGVfbGluayI6InVybDpodHRwcyUzQSUyRiUyRnd3dy5kaWVhcmNoaXRla3Rlbi5vcmclMkYifSwiMTAyNjE5X2kiOnsic2luZ2xlX2ljb24iOiJmYSBmYS1hcnJvdy1yaWdodDMiLCJzaW5nbGVfbGluayI6InVybDpodHRwcyUzQSUyRiUyRmlzYi5ybHAuZGUlMkZob21lJTJGZGV0YWlsYW5zaWNodCUyRnNlY2hzLXVudGVybmVobWVuLWFscy1waW9uaWVyZ2Vpc3Rlci0yMDIyLWF1c2dlemVpY2huZXQuaHRtbCJ9LCIxMDI2NjVfaSI6eyJzaW5nbGVfaWNvbiI6ImZhIGZhLWFycm93LXJpZ2h0MyJ9LCIxMDI2NjRfaSI6eyJzaW5nbGVfbGluayI6InVybDpodHRwcyUzQSUyRiUyRnd3dy5yYXVtcHJvYmUuY29tJTJGZGUlMkZwcm9qZWt0ZSUyRnR1bm5lbGZsaWVnZXItMzE1Iiwic2luZ2xlX2xheW91dF9tZWRpYV9pdGVtcyI6InRpdGxlLHNwYWNlcnxoYWxmLG1lZGlhfGN1c3RvbV9saW5rfG9yaWdpbmFsIn0sIjEwMjY3NF9pIjp7InNpbmdsZV9sYXlvdXRfbWVkaWFfaXRlbXMiOiJ0aXRsZSxzcGFjZXJ8aGFsZixtZWRpYXxjdXN0b21fbGlua3xvcmlnaW5hbCIsInNpbmdsZV9saW5rIjoidXJsOmh0dHBzJTNBJTJGJTJGd3d3LmRlc2NvbS5kZSUyRmFyY2hpdiUyRnByb2pla3RlJTJGa29tbXVuaWthdGlvbnNkZXNpZ24lMkYyMDE4JTJGcHJlaXN0cmFnZXIlMkZrbmljayUyRnx0YXJnZXQ6X2JsYW5rIn0sIjEwMjY3Ml9pIjp7InNpbmdsZV9sYXlvdXRfbWVkaWFfaXRlbXMiOiJ0aXRsZSxzcGFjZXJ8aGFsZixtZWRpYXxjdXN0b21fbGlua3xvcmlnaW5hbCIsInNpbmdsZV9saW5rIjoidXJsOmh0dHBzJTNBJTJGJTJGd3d3LnJhdW1wcm9iZS5jb20lMkZkZSUyRnByb2pla3RlJTJGdHVubmVsZmxpZWdlci0zMTUifSwiMTAyNjg2X2kiOnsic2luZ2xlX2xpbmsiOiJ1cmw6aHR0cHMlM0ElMkYlMkZ3d3cucmF1bXByb2JlLmNvbSUyRmRlJTJGcHJvamVrdGUlMkZ0dW5uZWxmbGllZ2VyLTMxNXx0YXJnZXQ6X2JsYW5rIn0sIjEwMjY4NF9pIjp7InNpbmdsZV9saW5rIjoidXJsOmh0dHBzJTNBJTJGJTJGaXNiLnJscC5kZSUyRmhvbWUlMkZkZXRhaWxhbnNpY2h0JTJGc2VjaHMtdW50ZXJuZWhtZW4tYWxzLXBpb25pZXJnZWlzdGVyLTIwMjItYXVzZ2V6ZWljaG5ldC5odG1sfHRhcmdldDpfYmxhbmsifSwiMTAyNjc2X2kiOnsic2luZ2xlX2xpbmsiOiJ1cmw6aHR0cHMlM0ElMkYlMkZ3d3cuZGllYXJjaGl0ZWt0ZW4ub3JnJTJGfHRhcmdldDpfYmxhbmsifSwiMTAyNjczX2kiOnsic2luZ2xlX2xpbmsiOiJ1cmw6aHR0cCUzQSUyRiUyRm1lZGlhLmFkYy5kZSUyRmFkY01jcyUyRnNlcnZsZXQlMkZBY3Rpb25TZXJ2bGV0JTNGZXZlbnQlM0RzaG93Q3JlZGl0cyUyNmVudHJ5JTNENjU1ODVfMjAxNzEyMDMxMzMxNDF8dGFyZ2V0Ol9ibGFuayJ9LCIxMDI2ODVfaSI6eyJzaW5nbGVfbGluayI6InVybDpodHRwcyUzQSUyRiUyRnd3dy5kZXNjb20uZGUlMkZhcmNoaXYlMkZwcm9qZWt0ZSUyRmtvbW11bmlrYXRpb25zZGVzaWduJTJGMjAxNiUyRnByZWlzdHJhZ2VyJTJGdHVubmVsZmxpZWdlciUyRnx0YXJnZXQ6X2JsYW5rIn19&#8243;][\/vc_column][\/vc_row][vc_row row_height_percent=&#8221;0&#8243; override_padding=&#8221;yes&#8221; h_padding=&#8221;2&#8243; top_padding=&#8221;4&#8243; bottom_padding=&#8221;4&#8243; overlay_alpha=&#8221;50&#8243; gutter_size=&#8221;3&#8243; column_width_percent=&#8221;100&#8243; shift_y=&#8221;0&#8243; z_index=&#8221;0&#8243; changer_back_color=&#8221;yes&#8221; content_parallax=&#8221;0&#8243; el_class=&#8221;gradient portfolio&#8221; row_name=&#8221;Portfolio&#8221; uncode_shortcode_id=&#8221;357777&#8243;][vc_column column_width_percent=&#8221;100&#8243; position_vertical=&#8221;middle&#8221; gutter_size=&#8221;5&#8243; style=&#8221;dark&#8221; overlay_alpha=&#8221;50&#8243; shift_x=&#8221;0&#8243; shift_y=&#8221;0&#8243; shift_y_down=&#8221;0&#8243; z_index=&#8221;0&#8243; medium_width=&#8221;0&#8243; mobile_width=&#8221;0&#8243; css_animation=&#8221;alpha-anim&#8221; animation_speed=&#8221;1000&#8243; width=&#8221;1\/1&#8243; uncode_shortcode_id=&#8221;189765&#8243;][vc_custom_heading text_color=&#8221;color-jevc&#8221; text_font=&#8221;font-955596&#8243; text_size=&#8221;fontsize-155944&#8243; text_weight=&#8221;500&#8243; text_height=&#8221;fontheight-357766&#8243; uncode_shortcode_id=&#8221;178127&#8243; text_color_type=&#8221;uncode-palette&#8221;]Portfolio[\/vc_custom_heading][uncode_index el_id=&#8221;index-985209&#8243; isotope_mode=&#8221;fitRows&#8221; loop=&#8221;size:All|order_by:rand|post_type:portfolio|taxonomy_count:10&#8243; screen_lg=&#8221;1200&#8243; screen_md=&#8221;600&#8243; screen_sm=&#8221;480&#8243; filtering=&#8221;yes&#8221; filtering_uppercase=&#8221;yes&#8221; filtering_full_width=&#8221;yes&#8221; filtering_position=&#8221;center&#8221; filter_mobile=&#8221;yes&#8221; gutter_size=&#8221;3&#8243; post_items=&#8221;title,type,author|sm_size|hide_qualification&#8221; single_text=&#8221;overlay&#8221; images_size=&#8221;four-three&#8221; single_overlay_color=&#8221;color-wayh&#8221; single_overlay_opacity=&#8221;60&#8243; single_h_align=&#8221;center&#8221; single_padding=&#8221;2&#8243; single_title_dimension=&#8221;h4&#8243; single_title_scale_mobile=&#8221;no&#8221; lbox_skin=&#8221;white&#8221; uncode_shortcode_id=&#8221;388095&#8243;][\/vc_column][\/vc_row][vc_row unlock_row_content=&#8221;yes&#8221; row_height_percent=&#8221;60&#8243; override_padding=&#8221;yes&#8221; h_padding=&#8221;5&#8243; top_padding=&#8221;3&#8243; bottom_padding=&#8221;7&#8243; back_color=&#8221;color-xsdn&#8221; overlay_alpha=&#8221;50&#8243; gutter_size=&#8221;4&#8243; column_width_percent=&#8221;100&#8243; shift_y=&#8221;0&#8243; z_index=&#8221;0&#8243; top_divider=&#8221;gradient&#8221; bottom_divider=&#8221;gradient&#8221; changer_back_color=&#8221;yes&#8221; content_parallax=&#8221;0&#8243; uncode_shortcode_id=&#8221;168077&#8243; back_color_type=&#8221;uncode-palette&#8221; row_name=&#8221;Kontakt&#8221; el_class=&#8221;gradient kontakt&#8221;][vc_column column_width_percent=&#8221;100&#8243; gutter_size=&#8221;3&#8243; overlay_alpha=&#8221;50&#8243; shift_x=&#8221;0&#8243; shift_y=&#8221;0&#8243; shift_y_down=&#8221;0&#8243; z_index=&#8221;0&#8243; medium_width=&#8221;0&#8243; mobile_width=&#8221;0&#8243; width=&#8221;1\/3&#8243; uncode_shortcode_id=&#8221;163932&#8243;][vc_row_inner row_inner_height_percent=&#8221;0&#8243; overlay_alpha=&#8221;50&#8243; gutter_size=&#8221;4&#8243; shift_y=&#8221;0&#8243; z_index=&#8221;0&#8243; limit_content=&#8221;&#8221;][vc_column_inner column_width_percent=&#8221;100&#8243; gutter_size=&#8221;3&#8243; overlay_alpha=&#8221;50&#8243; shift_x=&#8221;0&#8243; shift_y=&#8221;0&#8243; shift_y_down=&#8221;0&#8243; z_index=&#8221;0&#8243; medium_visibility=&#8221;yes&#8221; medium_width=&#8221;0&#8243; mobile_visibility=&#8221;yes&#8221; mobile_width=&#8221;0&#8243; width=&#8221;1\/2&#8243; uncode_shortcode_id=&#8221;634716&#8243;][vc_single_image media=&#8221;146911&#8243; media_width_percent=&#8221;70&#8243; media_ratio=&#8221;one-one&#8221; alignment=&#8221;center&#8221; shape=&#8221;img-circle&#8221; uncode_shortcode_id=&#8221;193039&#8243;][\/vc_column_inner][vc_column_inner column_width_percent=&#8221;100&#8243; gutter_size=&#8221;3&#8243; font_family=&#8221;font-955596&#8243; overlay_alpha=&#8221;50&#8243; shift_x=&#8221;0&#8243; shift_y=&#8221;0&#8243; shift_y_down=&#8221;0&#8243; z_index=&#8221;0&#8243; medium_width=&#8221;4&#8243; mobile_width=&#8221;0&#8243; width=&#8221;1\/2&#8243; uncode_shortcode_id=&#8221;318460&#8243;][vc_custom_heading text_size=&#8221;h3&#8243; text_height=&#8221;fontheight-357766&#8243; uncode_shortcode_id=&#8221;595271&#8243;]Marianne Statt[\/vc_custom_heading][vc_column_text uncode_shortcode_id=&#8221;293760&#8243;]M.A. Kommunikation im Raum<br \/>\nB.A. Innenarchitektur<br \/>\nMobil +49 152 09044970[\/vc_column_text][vc_raw_html]JTNDYSUyMGhyZWYlM0QlMjJodHRwcyUzQSUyRiUyRnd3dy54aW5nLmNvbSUyRnByb2ZpbGUlMkZNYXJpYW5uZV9TdGF0dCUyMiUyMGNsYXNzJTNEJTIydGV4dC1kZWZhdWx0LWNvbG9yJTIwY3VzdG9tLWxpbmslMjIlM0UlM0NpJTIwY2xhc3MlM0QlMjJmYSUyMGZhLXhpbmclMjBmYS0xeCUyMGZhLWZ3JTIyJTNFJTNDJTJGaSUzRSUzQyUyRmElM0UlMEElM0NhJTIwaHJlZiUzRCUyMmh0dHBzJTNBJTJGJTJGd3d3LmxpbmtlZGluLmNvbSUyRmluJTJGbWFyaWFubmUtc3RhdHQtMDdiOGI4MTY1JTJGJTIyJTIwY2xhc3MlM0QlMjJ0ZXh0LWRlZmF1bHQtY29sb3IlMjBjdXN0b20tbGluayUyMiUzRSUzQ2klMjBjbGFzcyUzRCUyMmZhJTIwZmEtbGlua2VkaW4tc3F1YXJlJTIwZmEtMXglMjBmYS1mdyUyMiUzRSUzQyUyRmklM0UlM0MlMkZhJTNFJTBBJTNDYSUyMGhyZWYlM0QlMjJtYWlsdG8lM0FtYXJpYW5uZSU0MG5hcnJhLWlubmVuYXJjaGl0ZWt0dXIuZGUlMjIlMjBjbGFzcyUzRCUyMnRleHQtZGVmYXVsdC1jb2xvciUyMGN1c3RvbS1saW5rJTIyJTNFJTNDaSUyMGNsYXNzJTNEJTIyZmElMjBmYS1tYWlsJTIwZmEtMXglMjBmYS1mdyUyMiUzRSUzQyUyRmklM0UlM0MlMkZhJTNF[\/vc_raw_html][vc_button size=&#8221;link&#8221; btn_link_size=&#8221;h4&#8243; btn_link_hover=&#8221;btn-hover-accent&#8221; btn_link_underline=&#8221;btn-underline-out&#8221; custom_typo=&#8221;yes&#8221; font_family=&#8221;font-119971&#8243; font_weight=&#8221;500&#8243; link=&#8221;url:mailto%3Amarianne%40narra-innenarchitektur.de|title:%3Ca%20href%3D%22mailto%3Amarianne%40narra-innenarchitektur.de%22|target:_blank|rel:nofollow&#8221; uncode_shortcode_id=&#8221;113737&#8243;]marianne@narra-innenarchitektur.de[\/vc_button][\/vc_column_inner][\/vc_row_inner][\/vc_column][vc_column column_width_percent=&#8221;100&#8243; gutter_size=&#8221;3&#8243; overlay_alpha=&#8221;50&#8243; shift_x=&#8221;0&#8243; shift_y=&#8221;0&#8243; shift_y_down=&#8221;0&#8243; z_index=&#8221;0&#8243; medium_width=&#8221;0&#8243; mobile_width=&#8221;0&#8243; width=&#8221;1\/3&#8243; uncode_shortcode_id=&#8221;128502&#8243;][vc_row_inner row_inner_height_percent=&#8221;0&#8243; overlay_alpha=&#8221;50&#8243; gutter_size=&#8221;4&#8243; shift_y=&#8221;0&#8243; z_index=&#8221;0&#8243; limit_content=&#8221;&#8221; uncode_shortcode_id=&#8221;738580&#8243;][vc_column_inner column_width_percent=&#8221;100&#8243; gutter_size=&#8221;3&#8243; overlay_alpha=&#8221;50&#8243; shift_x=&#8221;0&#8243; shift_y=&#8221;0&#8243; shift_y_down=&#8221;0&#8243; z_index=&#8221;0&#8243; medium_visibility=&#8221;yes&#8221; medium_width=&#8221;0&#8243; mobile_visibility=&#8221;yes&#8221; mobile_width=&#8221;0&#8243; width=&#8221;1\/2&#8243; uncode_shortcode_id=&#8221;634716&#8243;][vc_single_image media=&#8221;146914&#8243; media_width_percent=&#8221;70&#8243; media_ratio=&#8221;one-one&#8221; alignment=&#8221;center&#8221; shape=&#8221;img-circle&#8221; uncode_shortcode_id=&#8221;507059&#8243;][\/vc_column_inner][vc_column_inner column_width_percent=&#8221;100&#8243; gutter_size=&#8221;3&#8243; font_family=&#8221;font-955596&#8243; overlay_alpha=&#8221;50&#8243; shift_x=&#8221;0&#8243; shift_y=&#8221;0&#8243; shift_y_down=&#8221;0&#8243; z_index=&#8221;0&#8243; medium_width=&#8221;4&#8243; mobile_width=&#8221;0&#8243; width=&#8221;1\/2&#8243; uncode_shortcode_id=&#8221;318460&#8243;][vc_custom_heading text_size=&#8221;h3&#8243; text_height=&#8221;fontheight-357766&#8243; uncode_shortcode_id=&#8221;958622&#8243;]Lana Piecha[\/vc_custom_heading][vc_column_text uncode_shortcode_id=&#8221;143645&#8243;]Werkstudentin Innenarchitektur<br \/>\nMediengestalterin (Digital und Print)[\/vc_column_text][vc_raw_html]JTNDYSUyMGhyZWYlM0QlMjJodHRwcyUzQSUyRiUyRnd3dy5saW5rZWRpbi5jb20lMkZpbiUyRmxhbmEtcGllY2hhLTI5NTE1YjI5MSUzRnV0bV9zb3VyY2UlM0RzaGFyZSUyNnV0bV9jYW1wYWlnbiUzRHNoYXJlX3ZpYSUyNnV0bV9jb250ZW50JTNEcHJvZmlsZSUyNnV0bV9tZWRpdW0lM0RhbmRyb2lkX2FwcCUyMiUyMGNsYXNzJTNEJTIydGV4dC1kZWZhdWx0LWNvbG9yJTIwY3VzdG9tLWxpbmslMjIlM0UlM0NpJTIwY2xhc3MlM0QlMjJmYSUyMGZhLWxpbmtlZGluLXNxdWFyZSUyMGZhLTF4JTIwZmEtZnclMjIlM0UlM0MlMkZpJTNFJTNDJTJGYSUzRSUwQSUzQ2ElMjBocmVmJTNEJTIybWFpbHRvJTNBbGFuYSU0MG5hcnJhLWlubmVuYXJjaGl0ZWt0dXIuZGUlMjIlMjBjbGFzcyUzRCUyMnRleHQtZGVmYXVsdC1jb2xvciUyMGN1c3RvbS1saW5rJTIyJTNFJTNDaSUyMGNsYXNzJTNEJTIyZmElMjBmYS1tYWlsJTIwZmEtMXglMjBmYS1mdyUyMiUzRSUzQyUyRmklM0UlM0MlMkZhJTNF[\/vc_raw_html][vc_button size=&#8221;link&#8221; btn_link_size=&#8221;h4&#8243; btn_link_hover=&#8221;btn-hover-accent&#8221; btn_link_underline=&#8221;btn-underline-out&#8221; custom_typo=&#8221;yes&#8221; font_family=&#8221;font-119971&#8243; font_weight=&#8221;500&#8243; link=&#8221;url:mailto%3Alana%40narra-innenarchitektur.de|title:%3Ca%20href%3D%22mailto%3Alana%40narra-innenarchitektur.de%22|target:_blank|rel:nofollow&#8221; uncode_shortcode_id=&#8221;186457&#8243;]lana@narra-innenarchitektur.de[\/vc_button][\/vc_column_inner][\/vc_row_inner][\/vc_column][vc_column width=&#8221;1\/3&#8243;][vc_row_inner row_inner_height_percent=&#8221;0&#8243; overlay_alpha=&#8221;50&#8243; gutter_size=&#8221;4&#8243; shift_y=&#8221;0&#8243; z_index=&#8221;0&#8243; limit_content=&#8221;&#8221;][vc_column_inner column_width_percent=&#8221;100&#8243; gutter_size=&#8221;3&#8243; overlay_alpha=&#8221;50&#8243; shift_x=&#8221;0&#8243; shift_y=&#8221;0&#8243; shift_y_down=&#8221;0&#8243; z_index=&#8221;0&#8243; medium_visibility=&#8221;yes&#8221; medium_width=&#8221;0&#8243; mobile_visibility=&#8221;yes&#8221; mobile_width=&#8221;0&#8243; width=&#8221;1\/2&#8243; uncode_shortcode_id=&#8221;634716&#8243;][vc_single_image media=&#8221;147051&#8243; media_width_percent=&#8221;70&#8243; media_ratio=&#8221;one-one&#8221; alignment=&#8221;center&#8221; shape=&#8221;img-circle&#8221; uncode_shortcode_id=&#8221;123023&#8243;][\/vc_column_inner][vc_column_inner column_width_percent=&#8221;100&#8243; gutter_size=&#8221;3&#8243; font_family=&#8221;font-955596&#8243; overlay_alpha=&#8221;50&#8243; shift_x=&#8221;0&#8243; shift_y=&#8221;0&#8243; shift_y_down=&#8221;0&#8243; z_index=&#8221;0&#8243; medium_width=&#8221;4&#8243; mobile_width=&#8221;0&#8243; width=&#8221;1\/2&#8243; uncode_shortcode_id=&#8221;318460&#8243;][vc_custom_heading text_size=&#8221;h3&#8243; text_height=&#8221;fontheight-357766&#8243; uncode_shortcode_id=&#8221;252668&#8243;]Vincent Kropp[\/vc_custom_heading][vc_column_text uncode_shortcode_id=&#8221;209720&#8243;]M.A. Kommunikation im Raum<br \/>\nB.A. Innenarchitektur[\/vc_column_text][vc_raw_html]JTNDYSUyMGhyZWYlM0QlMjJodHRwcyUzQSUyRiUyRnd3dy5saW5rZWRpbi5jb20lMkZpbiUyRnZpbmNlbnQta3JvcHAtNjkzNzkwMTc0JTJGJTIyJTIwY2xhc3MlM0QlMjJ0ZXh0LWRlZmF1bHQtY29sb3IlMjBjdXN0b20tbGluayUyMiUzRSUzQ2klMjBjbGFzcyUzRCUyMmZhJTIwZmEtbGlua2VkaW4tc3F1YXJlJTIwZmEtMXglMjBmYS1mdyUyMiUzRSUzQyUyRmklM0UlM0MlMkZhJTNFJTBBJTNDYSUyMGhyZWYlM0QlMjJtYWlsdG8lM0F2aW5jZW50JTQwbmFycmEtaW5uZW5hcmNoaXRla3R1ci5kZSUyMiUyMGNsYXNzJTNEJTIydGV4dC1kZWZhdWx0LWNvbG9yJTIwY3VzdG9tLWxpbmslMjIlM0UlM0NpJTIwY2xhc3MlM0QlMjJmYSUyMGZhLW1haWwlMjBmYS0xeCUyMGZhLWZ3JTIyJTNFJTNDJTJGaSUzRSUzQyUyRmElM0U=[\/vc_raw_html][vc_button size=&#8221;link&#8221; btn_link_size=&#8221;h4&#8243; btn_link_hover=&#8221;btn-hover-accent&#8221; btn_link_underline=&#8221;btn-underline-out&#8221; custom_typo=&#8221;yes&#8221; font_family=&#8221;font-119971&#8243; font_weight=&#8221;500&#8243; link=&#8221;url:mailto%3Avincent%40narra-innenarchitektur.de|title:%3Ca%20href%3D%22mailto%3Avincent%40narra-innenarchitektur.de%22|target:_blank|rel:nofollow&#8221; uncode_shortcode_id=&#8221;363656&#8243;]vincent@narra-innenarchitektur.de[\/vc_button][\/vc_column_inner][\/vc_row_inner][\/vc_column][\/vc_row]<\/p>\n<\/div>","protected":false},"excerpt":{"rendered":"<p>[vc_row unlock_row_content=&#8221;yes&#8221; row_height_percent=&#8221;100&#8243; override_padding=&#8221;yes&#8221; h_padding=&#8221;3&#8243; top_padding=&#8221;5&#8243; bottom_padding=&#8221;3&#8243; back_color=&#8221;color-wayh&#8221; overlay_alpha=&#8221;100&#8243; overlay_animated=&#8221;yes&#8221; overlay_animated_1_color=&#8221;accent&#8221; overlay_animated_size=&#8221;0.7&#8243; equal_height=&#8221;yes&#8221; gutter_size=&#8221;0&#8243; column_width_percent=&#8221;100&#8243; shift_y=&#8221;0&#8243; z_index=&#8221;0&#8243; uncode_shortcode_id=&#8221;207407&#8243; css=&#8221;.vc_custom_1715612025478{border-right-width: 36px !important;border-left-width: 36px !important;}&#8221; back_color_type=&#8221;uncode-palette&#8221; overlay_animated_1_color_type=&#8221;uncode-palette&#8221; row_name=&#8221;top&#8221;][vc_column column_width_percent=&#8221;100&#8243; position_vertical=&#8221;justify&#8221; gutter_size=&#8221;5&#8243; style=&#8221;dark&#8221; overlay_alpha=&#8221;50&#8243; shift_x=&#8221;0&#8243; shift_y=&#8221;0&#8243; shift_y_down=&#8221;0&#8243; z_index=&#8221;0&#8243; medium_width=&#8221;0&#8243; mobile_width=&#8221;0&#8243; css_animation=&#8221;alpha-anim&#8221; animation_speed=&#8221;1600&#8243; width=&#8221;1\/1&#8243; uncode_shortcode_id=&#8221;213155&#8243;][vc_row_inner row_inner_height_percent=&#8221;0&#8243; overlay_alpha=&#8221;50&#8243; gutter_size=&#8221;2&#8243; shift_y=&#8221;0&#8243; z_index=&#8221;0&#8243; limit_content=&#8221;&#8221; uncode_shortcode_id=&#8221;617599&#8243;][vc_column_inner column_width_percent=&#8221;100&#8243; position_vertical=&#8221;bottom&#8221; gutter_size=&#8221;3&#8243; style=&#8221;dark&#8221; overlay_alpha=&#8221;50&#8243; shift_x=&#8221;0&#8243; shift_y=&#8221;0&#8243; [&hellip;]<\/p>\n","protected":false},"author":1,"featured_media":0,"parent":0,"menu_order":0,"comment_status":"closed","ping_status":"closed","template":"","meta":{"footnotes":""},"class_list":["post-44835","page","type-page","status-publish","hentry","page_category-portfolio"],"_links":{"self":[{"href":"https:\/\/narra-innenarchitektur.de\/wp-json\/wp\/v2\/pages\/44835","targetHints":{"allow":["GET"]}}],"collection":[{"href":"https:\/\/narra-innenarchitektur.de\/wp-json\/wp\/v2\/pages"}],"about":[{"href":"https:\/\/narra-innenarchitektur.de\/wp-json\/wp\/v2\/types\/page"}],"author":[{"embeddable":true,"href":"https:\/\/narra-innenarchitektur.de\/wp-json\/wp\/v2\/users\/1"}],"replies":[{"embeddable":true,"href":"https:\/\/narra-innenarchitektur.de\/wp-json\/wp\/v2\/comments?post=44835"}],"version-history":[{"count":135,"href":"https:\/\/narra-innenarchitektur.de\/wp-json\/wp\/v2\/pages\/44835\/revisions"}],"predecessor-version":[{"id":147076,"href":"https:\/\/narra-innenarchitektur.de\/wp-json\/wp\/v2\/pages\/44835\/revisions\/147076"}],"wp:attachment":[{"href":"https:\/\/narra-innenarchitektur.de\/wp-json\/wp\/v2\/media?parent=44835"}],"curies":[{"name":"wp","href":"https:\/\/api.w.org\/{rel}","templated":true}]}}